{"id":13598,"date":"2023-10-24T07:43:43","date_gmt":"2023-10-24T07:43:43","guid":{"rendered":"https:\/\/f-ball.com\/?post_type=product&#038;p=13598"},"modified":"2026-04-15T09:43:07","modified_gmt":"2026-04-15T08:43:07","slug":"stopgap-600","status":"publish","type":"product","link":"https:\/\/f-ball.com\/nl\/producten\/stopgap-600\/","title":{"rendered":"Stopgap 600"},"content":{"rendered":"<p>STOPGAP 600 is een egaliseermiddel voor dikke lagen, in ruimtes waar het vloerniveau snel en zonder al te hoge kosten verhoogd dient te worden. Voor in goede staat verkerende, absorberende en niet-absorberende ondervloeren die onderhevig zijn aan lichte tot zware belasting. STOPGAP 600 droogt normaalgesproken in slechts 3 uur, waarna het ge\u00ebgaliseerd kan worden met STOPGAP Fast Track 30, 300, 1200 of 1500 voordat een nieuwe vloerafwerking gelegd wordt.<\/p>\n<p>STOPGAP 600 kan ook onder STOPGAP 800 worden verwerkt. STOPGAP 600 is dimensie stabiel en wordt geleverd als een voorgemengd droog poeder. Aanbrengen met een laagdikte van 5 &#8211; 75 mm in \u00e9\u00e9n applicatie. Het is prote\u00efne-vrij waardoor het in biologisch kwetsbare ruimtes gebruikt kan worden.<\/p>\n","protected":false},"excerpt":{"rendered":"<p>Egaliseermiddel voor het verhogen van vloerniveaus<\/p>\n","protected":false},"featured_media":4492,"comment_status":"closed","ping_status":"closed","template":"","meta":{"_acf_changed":false},"product_brand":[],"product_cat":[284,283],"product_tag":[],"class_list":{"0":"post-13598","1":"product","2":"type-product","3":"status-publish","4":"has-post-thumbnail","6":"product_cat-hoogwaardige-egaliseermiddelen","7":"product_cat-egaliseermiddelen","9":"first","10":"instock","11":"product-type-simple"},"acf":[],"_links":{"self":[{"href":"https:\/\/f-ball.com\/nl\/wp-json\/wp\/v2\/product\/13598","targetHints":{"allow":["GET"]}}],"collection":[{"href":"https:\/\/f-ball.com\/nl\/wp-json\/wp\/v2\/product"}],"about":[{"href":"https:\/\/f-ball.com\/nl\/wp-json\/wp\/v2\/types\/product"}],"replies":[{"embeddable":true,"href":"https:\/\/f-ball.com\/nl\/wp-json\/wp\/v2\/comments?post=13598"}],"wp:featuredmedia":[{"embeddable":true,"href":"https:\/\/f-ball.com\/nl\/wp-json\/wp\/v2\/media\/4492"}],"wp:attachment":[{"href":"https:\/\/f-ball.com\/nl\/wp-json\/wp\/v2\/media?parent=13598"}],"wp:term":[{"taxonomy":"product_brand","embeddable":true,"href":"https:\/\/f-ball.com\/nl\/wp-json\/wp\/v2\/product_brand?post=13598"},{"taxonomy":"product_cat","embeddable":true,"href":"https:\/\/f-ball.com\/nl\/wp-json\/wp\/v2\/product_cat?post=13598"},{"taxonomy":"product_tag","embeddable":true,"href":"https:\/\/f-ball.com\/nl\/wp-json\/wp\/v2\/product_tag?post=13598"}],"curies":[{"name":"wp","href":"https:\/\/api.w.org\/{rel}","templated":true}]}}