{"id":13710,"date":"2023-10-24T07:46:54","date_gmt":"2023-10-24T06:46:54","guid":{"rendered":"https:\/\/f-ball.com\/?post_type=product&#038;p=13710"},"modified":"2025-05-13T16:26:31","modified_gmt":"2025-05-13T15:26:31","slug":"stopgap-1600","status":"publish","type":"product","link":"https:\/\/f-ball.com\/nl\/producten\/stopgap-1600\/","title":{"rendered":"Stopgap 1600"},"content":{"rendered":"<p>STOPGAP 1600 is een met vezels verrijkt egaliseermiddel voor nieuwe of bestaande binnenvloer-renovaties in woonhuizen en bedrijfspanden, voorafgaand aan de installatie van nieuwe vloerafwerkingen.<\/p>\n<p>STOPGAP 1600 is geschikt voor gebruik op elektrische en watergedragen vloerverwarming en -koeling. Het is sneldrogend en al na 12 uur stoffeerbaar bij een laagdikte van 3-5 mm.<\/p>\n<p>STOPGAP 1600 is dimensie stabiel en wordt geleverd als een voorgemengd droog poeder dat in \u00e9\u00e9n applicatie met een laagdikte van 3-40 mm kan worden aangebracht. Het is prote\u00efne-vrij zodat het in biologisch kwetsbare omgevingen gebruikt kan worden.<\/p>\n","protected":false},"excerpt":{"rendered":"<p>Met vezels verrijkt egaliseermiddel<\/p>\n","protected":false},"featured_media":4579,"comment_status":"closed","ping_status":"closed","template":"","meta":{"_acf_changed":false},"product_brand":[],"product_cat":[283,284,287],"product_tag":[],"class_list":{"0":"post-13710","1":"product","2":"type-product","3":"status-publish","4":"has-post-thumbnail","6":"product_cat-egaliseermiddelen","7":"product_cat-hoogwaardige-egaliseermiddelen","8":"product_cat-stappenplan-pvc","10":"first","11":"instock","12":"product-type-simple"},"acf":[],"_links":{"self":[{"href":"https:\/\/f-ball.com\/nl\/wp-json\/wp\/v2\/product\/13710","targetHints":{"allow":["GET"]}}],"collection":[{"href":"https:\/\/f-ball.com\/nl\/wp-json\/wp\/v2\/product"}],"about":[{"href":"https:\/\/f-ball.com\/nl\/wp-json\/wp\/v2\/types\/product"}],"replies":[{"embeddable":true,"href":"https:\/\/f-ball.com\/nl\/wp-json\/wp\/v2\/comments?post=13710"}],"wp:featuredmedia":[{"embeddable":true,"href":"https:\/\/f-ball.com\/nl\/wp-json\/wp\/v2\/media\/4579"}],"wp:attachment":[{"href":"https:\/\/f-ball.com\/nl\/wp-json\/wp\/v2\/media?parent=13710"}],"wp:term":[{"taxonomy":"product_brand","embeddable":true,"href":"https:\/\/f-ball.com\/nl\/wp-json\/wp\/v2\/product_brand?post=13710"},{"taxonomy":"product_cat","embeddable":true,"href":"https:\/\/f-ball.com\/nl\/wp-json\/wp\/v2\/product_cat?post=13710"},{"taxonomy":"product_tag","embeddable":true,"href":"https:\/\/f-ball.com\/nl\/wp-json\/wp\/v2\/product_tag?post=13710"}],"curies":[{"name":"wp","href":"https:\/\/api.w.org\/{rel}","templated":true}]}}